{"id":102,"date":"2024-03-11T16:01:40","date_gmt":"2024-03-11T15:01:40","guid":{"rendered":"https:\/\/goodmarning.com\/index.php\/politique-de-confidentialite-2\/"},"modified":"2025-01-21T09:37:07","modified_gmt":"2025-01-21T08:37:07","slug":"confidentialite","status":"publish","type":"page","link":"https:\/\/goodmarning.com\/en\/confidentialite\/","title":{"rendered":"Privacy policy"},"content":{"rendered":"<div data-elementor-type=\"wp-page\" data-elementor-id=\"102\" class=\"elementor elementor-102\" data-elementor-post-type=\"page\">\n\t\t\t\t\t\t<section class=\"elementor-section elementor-top-section elementor-element elementor-element-3b00e56d elementor-section-boxed elementor-section-height-default elementor-section-height-default\" data-id=\"3b00e56d\" data-element_type=\"section\" data-e-type=\"section\" data-settings=\"{&quot;background_background&quot;:&quot;classic&quot;}\">\n\t\t\t\t\t\t\t<div class=\"elementor-background-overlay\"><\/div>\n\t\t\t\t\t\t\t<div class=\"elementor-container elementor-column-gap-default\">\n\t\t\t\t\t<div class=\"elementor-column elementor-col-100 elementor-top-column elementor-element elementor-element-12e056b1\" data-id=\"12e056b1\" data-element_type=\"column\" data-e-type=\"column\">\n\t\t\t<div class=\"elementor-widget-wrap elementor-element-populated\">\n\t\t\t\t\t\t<div class=\"elementor-element elementor-element-4f6591d6 elementor-widget elementor-widget-heading\" data-id=\"4f6591d6\" data-element_type=\"widget\" data-e-type=\"widget\" data-widget_type=\"heading.default\">\n\t\t\t\t<div class=\"elementor-widget-container\">\n\t\t\t\t\t<h1 class=\"elementor-heading-title elementor-size-default\">Privacy policy<\/h1>\t\t\t\t<\/div>\n\t\t\t\t<\/div>\n\t\t\t\t\t<\/div>\n\t\t<\/div>\n\t\t\t\t\t<\/div>\n\t\t<\/section>\n\t\t\t\t<section class=\"elementor-section elementor-top-section elementor-element elementor-element-3ee7c9c3 elementor-section-boxed elementor-section-height-default elementor-section-height-default\" data-id=\"3ee7c9c3\" data-element_type=\"section\" data-e-type=\"section\">\n\t\t\t\t\t\t<div class=\"elementor-container elementor-column-gap-default\">\n\t\t\t\t\t<div class=\"elementor-column elementor-col-100 elementor-top-column elementor-element elementor-element-1d742da2\" data-id=\"1d742da2\" data-element_type=\"column\" data-e-type=\"column\" data-settings=\"{&quot;background_background&quot;:&quot;classic&quot;}\">\n\t\t\t<div class=\"elementor-widget-wrap elementor-element-populated\">\n\t\t\t\t\t\t<div class=\"elementor-element elementor-element-613b864a elementor-widget elementor-widget-text-editor\" data-id=\"613b864a\" data-element_type=\"widget\" data-e-type=\"widget\" data-widget_type=\"text-editor.default\">\n\t\t\t\t<div class=\"elementor-widget-container\">\n\t\t\t\t\t\t\t\t\t<div data-id=\"3a4b3077\" data-element_type=\"widget\" data-widget_type=\"heading.default\">\n<h2>D\u00e9finitions<\/h2>\n<p><strong>Publisher\u00a0:<\/strong> The natural or legal person who publishes online public communication services via&nbsp;<span style=\"background-color: var( --e-global-color-e5dbce2 );\"><b>goodmarning.com<\/b><\/span><\/p>\n<p><strong>The website :<\/strong> All sites, web pages and online services offered by the Publisher.<\/p>\n<p><strong>The User :<\/strong> The person using the Site and the services.<\/p>\n<h2><b>1 - Type of data collected<\/b><\/h2>\n<p>When using the Sites, the Publisher may collect the following categories of data about its Users:<\/p>\n<p>Civil status, identity and identification data...<\/p>\n<p>Connection data (IP addresses, event logs, etc.)<\/p>\n<h2><b>2 - Disclosure of personal data to third parties<\/b><\/h2>\n<h3><span style=\"color: var( --e-global-color-736ef8e ); font-weight: var( --e-global-typography-text-font-weight ); background-color: var( --e-global-color-e5dbce2 ); font-size: 1rem;\">Your data will not be disclosed to third parties. However, you are informed that your data may be disclosed in application of a law, regulation or by virtue of a decision by a competent regulatory or judicial authority.<\/span><\/h3>\n<h2><b>3 - Prior notification of the transfer of personal data to third parties in the event of a merger or takeover<\/b><\/h2>\n<p>In the event that we take part in a merger, acquisition or any other form of transfer of assets, we undertake to guarantee the confidentiality of your personal data and to inform you before they are transferred or subjected to new confidentiality rules.<\/p>\n<h2><b>4 - Data aggregation<\/b><\/h2>\n<h3><span style=\"color: var( --e-global-color-736ef8e ); font-weight: var( --e-global-typography-text-font-weight ); background-color: var( --e-global-color-e5dbce2 ); font-size: 1rem;\">We may publish, disclose and use Aggregate Information (information about all of our Users or specific groups or categories of Users that we combine so that an individual User can no longer be identified or referred to) and Non-Personal Information for industry and market analysis, demographic profiling, promotional and advertising purposes and other business purposes.<\/span><\/h3>\n<h3>Aggregation with personal data available on the User's social accounts<\/h3>\n<p>If you connect your account to another service's account for the purpose of cross-mailing, that service may share your profile and login information with us, as well as any other information you have authorized to be shared. We may aggregate information about all of our other Users, groups, accounts, with the personal data available about the User.<\/p>\n<h2><b>5 - Collection of identity data<\/b><\/h2>\n<h3><span style=\"color: var( --e-global-color-736ef8e ); font-weight: var( --e-global-typography-text-font-weight ); background-color: var( --e-global-color-e5dbce2 ); font-size: 1rem;\">Consultation of the Site does not require prior registration or identification. You may do so without providing any personal data about yourself (surname, first name, address, etc.). We do not record any personal data simply for consulting the Site.<\/span><\/h3>\n<h2><b>6 - Collection of identification data<\/b><\/h2>\n<h3><span style=\"color: var( --e-global-color-736ef8e ); font-weight: var( --e-global-typography-text-font-weight ); background-color: var( --e-global-color-e5dbce2 ); font-size: 1rem;\">We use your electronic identifiers to search for existing relationships by connection, email address or services. We may use your contact information to enable others to find your account, including through third party services and client applications. You may upload your address book so that we can help you find people in our network or so that other Users in our network can find you. We may make suggestions to you and other network Users based on the contacts imported from your address book. We may work in partnership with companies that offer incentives. To support this type of promotion and incentive, we may share your email ID.<\/span><\/h3>\n<h2><b>7 - Collection of terminal data<\/b><\/h2>\n<h3><span style=\"color: var( --e-global-color-736ef8e ); font-weight: var( --e-global-typography-text-font-weight ); background-color: var( --e-global-color-e5dbce2 ); font-size: 1rem;\">Some of your device's technical data is automatically collected by the Site. This information includes in particular your IP address, Internet access provider, hardware configuration, software configuration, browser type and language, etc. The collection of this data is necessary for the provision of services.<\/span><\/h3>\n<h3><span style=\"color: var( --e-global-color-736ef8e ); font-weight: var( --e-global-typography-text-font-weight ); background-color: var( --e-global-color-e5dbce2 ); font-size: 1rem;\">The technical data of your device is automatically collected and recorded by the Site for advertising, commercial and statistical purposes. This information helps us to personalise and continually improve your experience on our Site. We do not collect or store any personal data (surname, first name, address, etc.) that may be attached to technical data. The data collected may be sold to third parties.<\/span><\/h3>\n<h2><b>8 - Cookies<\/b><\/h2>\n<h3><span style=\"color: var( --e-global-color-736ef8e ); font-weight: var( --e-global-typography-text-font-weight ); background-color: var( --e-global-color-e5dbce2 ); font-size: 1rem;\">In accordance with CNIL recommendations, cookies are kept for a maximum of 13 months after they are first placed on the User's terminal, as is the period of validity of the User's consent to the use of these cookies. The lifespan of cookies is not extended with each visit. The User's consent must therefore be renewed at the end of this period.<\/span><\/h3><h3><span style=\"background-color: var( --e-global-color-e5dbce2 ); color: var( --e-global-color-736ef8e ); font-size: 1rem; font-weight: var( --e-global-typography-text-font-weight ); font-family: inherit;\">Cookies may be used for statistical purposes, in particular to optimise the services provided to the User, by processing information concerning the frequency of access, the personalisation of pages, the operations carried out and the information consulted.<\/span><\/h3>\n<p>You are informed that the Publisher may place cookies on your terminal. The cookie records information relating to your browsing on the service (the pages you have visited, the date and time of the visit, etc.) which we will be able to read on your subsequent visits.<\/p>\n<h3>The User's right to refuse cookies, deactivation of which will impair the service<\/h3>\n<p>You acknowledge that you have been informed that the Publisher may use cookies, and authorise it to do so. If you do not wish cookies to be used on your terminal, most browsers allow you to disable cookies via the settings options. However, you should be aware that some services may no longer function correctly.<\/p>\n<h3>Cookies may be combined with personal data to enable the service to operate.<\/h3>\n<p>The Publisher may collect browsing information through the use of cookies.<\/p>\n<h1><b>9 - Storage of technical data<\/b><\/h1>\n<h3><span style=\"color: var( --e-global-color-736ef8e ); font-weight: var( --e-global-typography-text-font-weight ); background-color: var( --e-global-color-e5dbce2 ); font-size: 1rem;\">Technical data is kept for as long as is strictly necessary for the purposes set out above.<\/span><\/h3>\n<h2><b>10 - Personal data retention and anonymisation periods<\/b><\/h2>\n<h3><span style=\"color: var( --e-global-color-736ef8e ); font-weight: var( --e-global-typography-text-font-weight ); background-color: var( --e-global-color-e5dbce2 ); font-size: 1rem;\">In accordance with article 6-5\u00b0 of law no. 78-17 of 6 January 1978 relating to information technology, files and civil liberties, personal data that is processed is not kept beyond the time required to fulfil the obligations defined when the contract was concluded or the predefined duration of the contractual relationship.<\/span><\/h3>\n<h3>Retention of anonymised data beyond the contractual relationship \/ after account deletion<\/h3>\n<p>We keep personal data for as long as is strictly necessary for the purposes described in this Privacy Policy. After this period, the data will be anonymised and kept exclusively for statistical purposes and will not be used in any way whatsoever.<\/p>\n<h3>Deleting data after account deletion<\/h3>\n<p>Data purging procedures are in place to ensure that data is effectively deleted as soon as the retention or archiving period required to fulfil the specified or imposed purposes has been reached. In accordance with the French Data Protection Act no. 78-17 of 6 January 1978, you also have the right to delete your data, which you may exercise at any time by contacting the Publisher.<\/p>\n<h3>Deletion of data after 3 years of inactivity<\/h3>\n<p>For security reasons, if you have not logged on to the Site for a period of three years, you will receive an e-mail inviting you to log on as soon as possible, failing which your data will be deleted from our databases.<\/p>\n<h2><b>11 - Deleting an account<\/b><\/h2>\n<h3><span style=\"color: var( --e-global-color-736ef8e ); font-weight: var( --e-global-typography-text-font-weight ); background-color: var( --e-global-color-e5dbce2 ); font-size: 1rem;\">The User may delete his\/her Account at any time, by simple request to the Publisher OR via the Account deletion menu in the Account settings, if applicable.<\/span><\/h3>\n<h3><span style=\"color: var( --e-global-color-736ef8e ); font-weight: var( --e-global-typography-text-font-weight ); background-color: var( --e-global-color-e5dbce2 ); font-size: 1rem;\">In the event of a breach of one or more of the provisions of the Privacy Policy or any other document incorporated herein by reference, the Publisher reserves the right to terminate or restrict, without prior notice and at its sole discretion, your use of and access to the services, your account and all the Sites.<\/span><\/h3>\n<h2><b>12 - Indications in the event of a security breach detected by the Publisher<\/b><\/h2>\n<h3><span style=\"color: var( --e-global-color-736ef8e ); font-weight: var( --e-global-typography-text-font-weight ); background-color: var( --e-global-color-e5dbce2 ); font-size: 1rem;\">We undertake to implement all appropriate technical and organisational measures to guarantee a level of security appropriate to the risks of accidental, unauthorised or illegal access, disclosure, alteration, loss or destruction of your personal data. In the event that we become aware of unlawful access to your personal data stored on our servers or those of our service providers, or of unauthorised access resulting in the risks identified above, we undertake to :<\/span><\/h3>\n<p>Notify you of the incident as soon as possible; Examine the causes of the incident and inform you;<\/p>\n<p>Take the necessary measures within reasonable limits to mitigate the negative effects and damage that may result from the said incident.<\/p>\n<h3>Limitation of liability<\/h3>\n<p>Under no circumstances may the undertakings set out in the point above relating to notification in the event of a security breach be assimilated to any acknowledgement of fault or responsibility for the occurrence of the incident in question.<\/p>\n<h2><b>13 - Changes to the privacy policy<\/b><\/h2>\n<p>In the event of modification of this Confidentiality Policy, an undertaking not to lower the level of confidentiality substantially without prior information of the persons concerned.<\/p>\n<p>We undertake to inform you in the event of any substantial modification to this Confidentiality Policy, and not to lower the level of confidentiality of your data substantially without informing you and obtaining your consent.<\/p>\n<h2><b>14 - Applicable law and appeal procedures<\/b><\/h2>\n<h3>Arbitration clause<\/h3>\n<p>You expressly agree that any dispute that may arise as a result of this Privacy Policy, in particular its interpretation or execution, will be referred to arbitration subject to the rules of the arbitration platform chosen by mutual agreement, to which you adhere unreservedly.<\/p>\n<h2><b>15 - Data portability<\/b><\/h2>\n<p><span style=\"color: var( --e-global-color-736ef8e ); font-weight: var( --e-global-typography-text-font-weight ); background-color: var( --e-global-color-e5dbce2 ); font-size: 1rem;\">The Publisher undertakes to offer you the possibility of having all your personal data returned to you on request. In this way, the User is guaranteed greater control over his or her data and retains the possibility of re-using it. This data must be provided in an open and easily reusable format.<\/span><\/p>\n<\/div>\t\t\t\t\t\t\t\t<\/div>\n\t\t\t\t<\/div>\n\t\t\t\t\t<\/div>\n\t\t<\/div>\n\t\t\t\t\t<\/div>\n\t\t<\/section>\n\t\t\t\t<section class=\"elementor-section elementor-top-section elementor-element elementor-element-78d78d01 elementor-section-boxed elementor-section-height-default elementor-section-height-default\" data-id=\"78d78d01\" data-element_type=\"section\" data-e-type=\"section\">\n\t\t\t\t\t\t<div class=\"elementor-container elementor-column-gap-default\">\n\t\t\t\t\t<div class=\"elementor-column elementor-col-100 elementor-top-column elementor-element elementor-element-5c85c832\" data-id=\"5c85c832\" data-element_type=\"column\" data-e-type=\"column\" data-settings=\"{&quot;background_background&quot;:&quot;classic&quot;}\">\n\t\t\t<div class=\"elementor-widget-wrap elementor-element-populated\">\n\t\t\t\t\t\t<section class=\"elementor-section elementor-inner-section elementor-element elementor-element-7a0c95ab elementor-section-boxed elementor-section-height-default elementor-section-height-default\" data-id=\"7a0c95ab\" data-element_type=\"section\" data-e-type=\"section\">\n\t\t\t\t\t\t<div class=\"elementor-container elementor-column-gap-default\">\n\t\t\t\t\t<div class=\"elementor-column elementor-col-50 elementor-inner-column elementor-element elementor-element-3c4a299a\" data-id=\"3c4a299a\" data-element_type=\"column\" data-e-type=\"column\">\n\t\t\t<div class=\"elementor-widget-wrap elementor-element-populated\">\n\t\t\t\t\t\t<div class=\"elementor-element elementor-element-204d5227 elementor-widget elementor-widget-heading\" data-id=\"204d5227\" data-element_type=\"widget\" data-e-type=\"widget\" data-widget_type=\"heading.default\">\n\t\t\t\t<div class=\"elementor-widget-container\">\n\t\t\t\t\t<h2 class=\"elementor-heading-title elementor-size-default\">Ready for a great stay?<\/h2>\t\t\t\t<\/div>\n\t\t\t\t<\/div>\n\t\t\t\t\t<\/div>\n\t\t<\/div>\n\t\t\t\t<div class=\"elementor-column elementor-col-50 elementor-inner-column elementor-element elementor-element-66c6eacb\" data-id=\"66c6eacb\" data-element_type=\"column\" data-e-type=\"column\">\n\t\t\t<div class=\"elementor-widget-wrap elementor-element-populated\">\n\t\t\t\t\t\t<div class=\"elementor-element elementor-element-4f0cd6e2 elementor-align-center elementor-widget elementor-widget-button\" data-id=\"4f0cd6e2\" data-element_type=\"widget\" data-e-type=\"widget\" data-widget_type=\"button.default\">\n\t\t\t\t<div class=\"elementor-widget-container\">\n\t\t\t\t\t\t\t\t\t<div class=\"elementor-button-wrapper\">\n\t\t\t\t\t<a class=\"elementor-button elementor-button-link elementor-size-lg elementor-animation-grow\" href=\"https:\/\/goodmarning.com\/en\/reservation\/\">\n\t\t\t\t\t\t<span class=\"elementor-button-content-wrapper\">\n\t\t\t\t\t\t\t\t\t<span class=\"elementor-button-text\">Book now<\/span>\n\t\t\t\t\t<\/span>\n\t\t\t\t\t<\/a>\n\t\t\t\t<\/div>\n\t\t\t\t\t\t\t\t<\/div>\n\t\t\t\t<\/div>\n\t\t\t\t\t<\/div>\n\t\t<\/div>\n\t\t\t\t\t<\/div>\n\t\t<\/section>\n\t\t\t\t\t<\/div>\n\t\t<\/div>\n\t\t\t\t\t<\/div>\n\t\t<\/section>\n\t\t\t\t<\/div>","protected":false},"excerpt":{"rendered":"<p>Acc\u00e9dez \u00e0 notre politique de confidentialit\u00e9.<\/p>","protected":false},"author":1,"featured_media":460,"parent":0,"menu_order":0,"comment_status":"closed","ping_status":"closed","template":"","meta":{"footnotes":""},"class_list":["post-102","page","type-page","status-publish","has-post-thumbnail","hentry"],"_links":{"self":[{"href":"https:\/\/goodmarning.com\/en\/wp-json\/wp\/v2\/pages\/102","targetHints":{"allow":["GET"]}}],"collection":[{"href":"https:\/\/goodmarning.com\/en\/wp-json\/wp\/v2\/pages"}],"about":[{"href":"https:\/\/goodmarning.com\/en\/wp-json\/wp\/v2\/types\/page"}],"author":[{"embeddable":true,"href":"https:\/\/goodmarning.com\/en\/wp-json\/wp\/v2\/users\/1"}],"replies":[{"embeddable":true,"href":"https:\/\/goodmarning.com\/en\/wp-json\/wp\/v2\/comments?post=102"}],"version-history":[{"count":28,"href":"https:\/\/goodmarning.com\/en\/wp-json\/wp\/v2\/pages\/102\/revisions"}],"predecessor-version":[{"id":1328,"href":"https:\/\/goodmarning.com\/en\/wp-json\/wp\/v2\/pages\/102\/revisions\/1328"}],"wp:featuredmedia":[{"embeddable":true,"href":"https:\/\/goodmarning.com\/en\/wp-json\/wp\/v2\/media\/460"}],"wp:attachment":[{"href":"https:\/\/goodmarning.com\/en\/wp-json\/wp\/v2\/media?parent=102"}],"curies":[{"name":"wp","href":"https:\/\/api.w.org\/{rel}","templated":true}]}}