{"id":106,"date":"2024-03-11T16:01:42","date_gmt":"2024-03-11T15:01:42","guid":{"rendered":"https:\/\/goodmarning.com\/index.php\/conditions-generales\/"},"modified":"2026-04-08T12:56:12","modified_gmt":"2026-04-08T10:56:12","slug":"conditions-generales","status":"publish","type":"page","link":"https:\/\/goodmarning.com\/en\/conditions-generales\/","title":{"rendered":"Terms of use"},"content":{"rendered":"<div data-elementor-type=\"wp-page\" data-elementor-id=\"106\" class=\"elementor elementor-106\" data-elementor-post-type=\"page\">\n\t\t\t\t\t\t<section class=\"elementor-section elementor-top-section elementor-element elementor-element-441c2100 elementor-section-boxed elementor-section-height-default elementor-section-height-default\" data-id=\"441c2100\" data-element_type=\"section\" data-e-type=\"section\" data-settings=\"{&quot;background_background&quot;:&quot;classic&quot;}\">\n\t\t\t\t\t\t\t<div class=\"elementor-background-overlay\"><\/div>\n\t\t\t\t\t\t\t<div class=\"elementor-container elementor-column-gap-default\">\n\t\t\t\t\t<div class=\"elementor-column elementor-col-100 elementor-top-column elementor-element elementor-element-2af33855\" data-id=\"2af33855\" data-element_type=\"column\" data-e-type=\"column\">\n\t\t\t<div class=\"elementor-widget-wrap elementor-element-populated\">\n\t\t\t\t\t\t<div class=\"elementor-element elementor-element-e99ba70 elementor-widget elementor-widget-heading\" data-id=\"e99ba70\" data-element_type=\"widget\" data-e-type=\"widget\" data-widget_type=\"heading.default\">\n\t\t\t\t<div class=\"elementor-widget-container\">\n\t\t\t\t\t<h1 class=\"elementor-heading-title elementor-size-default\">Terms of use<\/h1>\t\t\t\t<\/div>\n\t\t\t\t<\/div>\n\t\t\t\t\t<\/div>\n\t\t<\/div>\n\t\t\t\t\t<\/div>\n\t\t<\/section>\n\t\t\t\t<section class=\"elementor-section elementor-top-section elementor-element elementor-element-7e85e8de elementor-section-boxed elementor-section-height-default elementor-section-height-default\" data-id=\"7e85e8de\" data-element_type=\"section\" data-e-type=\"section\">\n\t\t\t\t\t\t<div class=\"elementor-container elementor-column-gap-default\">\n\t\t\t\t\t<div class=\"elementor-column elementor-col-100 elementor-top-column elementor-element elementor-element-6944c184\" data-id=\"6944c184\" data-element_type=\"column\" data-e-type=\"column\" data-settings=\"{&quot;background_background&quot;:&quot;classic&quot;}\">\n\t\t\t<div class=\"elementor-widget-wrap elementor-element-populated\">\n\t\t\t\t\t\t<div class=\"elementor-element elementor-element-38dcdb3f elementor-widget elementor-widget-text-editor\" data-id=\"38dcdb3f\" data-element_type=\"widget\" data-e-type=\"widget\" data-widget_type=\"text-editor.default\">\n\t\t\t\t<div class=\"elementor-widget-container\">\n\t\t\t\t\t\t\t\t\t<div data-id=\"3a4b3077\" data-element_type=\"widget\" data-widget_type=\"heading.default\">\n<p><span style=\"background-color: var( --e-global-color-e5dbce2 );\"><b>goodmarning<\/b><\/span><span style=\"font-weight: bold;\">.com<\/span><\/p>\n<p>Phone number\u00a0:&nbsp;<span style=\"font-weight: bold; color: var( --e-global-color-736ef8e ); background-color: var( --e-global-color-e5dbce2 ); font-size: 1rem;\">+33695903143<\/span><\/p>\n<p>E-mail address :&nbsp;<span style=\"background-color: var( --e-global-color-e5dbce2 );\"><b>contact@goodmarning.com<\/b><\/span><\/p>\n<p>General terms and conditions of sale for products sold on&nbsp;<span style=\"background-color: var( --e-global-color-e5dbce2 );\"><b>goodmarning.com<\/b><\/span><\/p>\n<p><span style=\"color: var( --e-global-color-736ef8e ); background-color: var( --e-global-color-e5dbce2 ); font-size: 1rem;\">Date of last update 2024\/05\/13<\/span><\/p>\n<h2>Article 1 - Purpose<\/h2>\n<p>These conditions govern sales by&nbsp;<b>goodmarning.com<\/b>&nbsp;nights spent in short-term furnished flats.<\/p>\n<h2>Article 2 \u2013 Price<\/h2>\n<p>In the event of an order to a country other than mainland France, you are the importer of the product(s) concerned. Exchange duties or other local taxes or state taxes may be payable.<\/p>\n<p>These rights and sums are not the responsibility of&nbsp;<b>goodmarning.com<\/b>. You are entirely responsible for declarations and payments to the relevant authorities and organisations in your country. We advise you to check with your local authorities.<\/p>\n<p>All orders, whatever their origin, are payable in euros.<\/p>\n<p><span style=\"background-color: var( --e-global-color-e5dbce2 );\"><b>goodmarning<\/b><\/span><span style=\"background-color: var( --e-global-color-e5dbce2 );\"><b>.com<\/b><\/span>&nbsp;reserves the right to modify its prices at any time, but the product will be invoiced on the basis of the rate in force at the time the order is validated and subject to availability.<\/p>\n<p>The products remain the property of the company&nbsp;<b>goodmarning.com&nbsp;<\/b>including during the tenants' stay.<\/p>\n<p>Please note: as soon as the tenant takes possession of the premises (moves into the flat), responsibility for any damage caused in the flat is transferred to the tenant.<\/p>\n<h2>Article 3 \u2013 Orders<\/h2>\n<p>You can place your order here:<\/p>\n<p>Give details of the methods chosen, for example :<\/p>\n<p>Online\u00a0:&nbsp;<span style=\"background-color: var( --e-global-color-e5dbce2 );\"><b>goodmarning.com<\/b><\/span><\/p>\n<p>By telephone at&nbsp;<span style=\"font-weight: bold; color: var( --e-global-color-736ef8e ); background-color: var( --e-global-color-e5dbce2 ); font-size: 1rem;\">+33695903143<\/span><\/p>\n<p>Sur les sites d\u2019annonces www.airbnb.com, www.booking.com, et autres sites d\u2019annonces de location d\u2019appartement meubl\u00e9s de courte dur\u00e9e.<\/p>\n<p>Contractual information is presented in French and will be confirmed at the latest when your order is validated.<\/p>\n<p><span style=\"background-color: var( --e-global-color-e5dbce2 );\"><b>goodmarning<\/b><\/span><span style=\"background-color: var( --e-global-color-e5dbce2 );\"><b>.com<\/b><\/span>&nbsp;reserves the right not to register a payment, and not to confirm an order for any reason whatsoever, and more particularly in the event of a problem of availability, or in the event of difficulty concerning the order received.<\/p>\n<h2>Article 4 - Confirmation of your order<\/h2>\n<p>All orders appearing on the website&nbsp;<b>goodmarning.com<\/b>&nbsp;implies acceptance of these General Terms and Conditions. Any confirmation of an order implies your full acceptance of these General Terms and Conditions of Sale, without exception or reservation.<\/p>\n<p>All the data supplied and the recorded confirmation will constitute proof of the transaction.<\/p>\n<p>You declare that you are fully aware of this.<\/p>\n<p>Confirmation of the order will constitute signature and acceptance of the operations carried out.<\/p>\n<p>A summary of your order details will be sent to you via the e-mail address used to confirm your order.<\/p>\n<h2>Article 5 - Payment<\/h2>\n<p>Validating your order implies that you are obliged to pay the price indicated.<\/p>\n<p>You can pay for your purchases by credit card on the website&nbsp;<span style=\"background-color: var( --e-global-color-e5dbce2 );\"><b>goodmarning.com<\/b><\/span><\/p>\n<h2>Article 6 - Cancellation conditions<\/h2>\n<p>Cancellations are free up to 5 days before arrival. Cancellations made more than five days before arrival will not be refunded.<\/p>\n<p><span style=\"color: var( --e-global-color-736ef8e ); font-weight: var( --e-global-typography-text-font-weight ); background-color: var( --e-global-color-e5dbce2 ); font-size: 1rem;\">Des frais de remboursement d\u2019une valeur de 1,5% + 0,25\u20ac seront pr\u00e9lev\u00e9s pour les cartes nationales standard et de 1,9% + 0,25\u20ac pour les cartes nationales premium afin de couvrir les frais de transaction.<\/span><\/p>\n<p><span style=\"background-color: var( --e-global-color-e5dbce2 ); color: var( --e-global-color-736ef8e ); font-size: 1rem; font-weight: var( --e-global-typography-text-font-weight );\">In the event of modification, late cancellation (less than 5 days before arrival), or no-show on the scheduled arrival date, the full balance will be due and Goodmarning will be able to use the accommodation again immediately.<\/span><\/p>\n<p><span style=\"color: inherit; font-family: inherit; font-size: 2rem; background-color: var( --e-global-color-e5dbce2 );\">Article 7- Availability<\/span><\/p>\n<p>Our products are offered for as long as they are visible on the site.&nbsp;<span style=\"background-color: var( --e-global-color-e5dbce2 );\"><b>goodmarning.com<\/b><\/span><\/p>\n<p>If a property is unavailable after you have placed your order, we will inform you by e-mail. Your order will either be automatically cancelled and no bank debit will be made, or we will offer to find you alternative accommodation for the duration of your stay.<\/p>\n<h2>Article 8 - Liability<\/h2>\n<p>The products offered comply with current French legislation.<\/p>\n<p><span style=\"background-color: var( --e-global-color-e5dbce2 );\"><b>goodmarning<\/b><\/span><span style=\"background-color: var( --e-global-color-e5dbce2 );\"><b>.com<\/b><\/span><span style=\"background-color: var( --e-global-color-e5dbce2 );\"><b>&nbsp;<\/b><\/span>cannot be held responsible for any damage resulting from misuse of the product purchased.<\/p>\n<p>Finally, the responsibility of&nbsp;<b>goodmarning.com&nbsp;<\/b>cannot be held liable for any inconvenience or damage inherent in the use of the Internet, in particular a break in service, external intrusion or the presence of computer viruses.<\/p>\n<h2>Article 9 - Applicable law in the event of disputes<\/h2>\n<p>The language of this contract is French. These conditions of sale are governed by French law. In the event of a dispute, the French courts shall have exclusive jurisdiction.<\/p>\n<h2>Article 10 - Intellectual property<\/h2>\n<p>All site elements&nbsp;<b>goodmarning.com<\/b>&nbsp;are and shall remain the exclusive intellectual property of&nbsp;<b>goodmarning.com<\/b>.<\/p>\n<p>No one is authorised to reproduce, exploit, rebroadcast or use for any purpose whatsoever, even partially, any elements of the site, whether software, visual or audio. Any simple link or hypertext link is strictly forbidden without the express written consent of&nbsp;<b>goodmarning.com<\/b>.<\/p>\n<h2>Article 11 - Personal data<\/h2>\n<p><span style=\"background-color: var( --e-global-color-e5dbce2 );\"><b>goodmarning<\/b><\/span><span style=\"background-color: var( --e-global-color-e5dbce2 );\"><b>.com<\/b><\/span>&nbsp;reserves the right to collect nominative information and personal data about you. This information is required to process your order and to improve the services and information we send you.<\/p>\n<p>It may also be passed on to companies that contribute to this relationship, such as those responsible for carrying out services and orders for their management, execution, processing and payment.<\/p>\n<p>This information and data is also kept for security purposes, in order to comply with legal and regulatory obligations.<\/p>\n<p>In accordance with the French Data Protection Act of 6 January 1978, you have the right to access, rectify and object to personal information and data concerning you, directly on the website.<\/p>\n<h2>Article 12 - Archiving Proof<\/h2>\n<p><span style=\"background-color: var( --e-global-color-e5dbce2 );\"><b>goodmarning<\/b><\/span><span style=\"background-color: var( --e-global-color-e5dbce2 );\"><b>.com<\/b><\/span>&nbsp;will archive the rental contracts and invoices issued on a reliable and durable medium constituting a true copy in accordance with the provisions of article 1348 of the French Civil Code.<\/p>\n<p>The computerised records of&nbsp;<b>goodmarning.com<\/b>&nbsp;seront consid\u00e9r\u00e9s par toutes les parties concern\u00e9es comme preuve des communications, commandes, paiements et transactions intervenus entre les parties.<\/p>\n<\/div>\t\t\t\t\t\t\t\t<\/div>\n\t\t\t\t<\/div>\n\t\t\t\t\t<\/div>\n\t\t<\/div>\n\t\t\t\t\t<\/div>\n\t\t<\/section>\n\t\t\t\t<section class=\"elementor-section elementor-top-section elementor-element elementor-element-4bf62f2c elementor-section-boxed elementor-section-height-default elementor-section-height-default\" data-id=\"4bf62f2c\" data-element_type=\"section\" data-e-type=\"section\">\n\t\t\t\t\t\t<div class=\"elementor-container elementor-column-gap-default\">\n\t\t\t\t\t<div class=\"elementor-column elementor-col-100 elementor-top-column elementor-element elementor-element-4e44824\" data-id=\"4e44824\" data-element_type=\"column\" data-e-type=\"column\" data-settings=\"{&quot;background_background&quot;:&quot;classic&quot;}\">\n\t\t\t<div class=\"elementor-widget-wrap elementor-element-populated\">\n\t\t\t\t\t\t<section class=\"elementor-section elementor-inner-section elementor-element elementor-element-6d3ed439 elementor-section-boxed elementor-section-height-default elementor-section-height-default\" data-id=\"6d3ed439\" data-element_type=\"section\" data-e-type=\"section\">\n\t\t\t\t\t\t<div class=\"elementor-container elementor-column-gap-default\">\n\t\t\t\t\t<div class=\"elementor-column elementor-col-50 elementor-inner-column elementor-element elementor-element-1b13be44\" data-id=\"1b13be44\" data-element_type=\"column\" data-e-type=\"column\">\n\t\t\t<div class=\"elementor-widget-wrap elementor-element-populated\">\n\t\t\t\t\t\t<div class=\"elementor-element elementor-element-4d449f2b elementor-widget elementor-widget-heading\" data-id=\"4d449f2b\" data-element_type=\"widget\" data-e-type=\"widget\" data-widget_type=\"heading.default\">\n\t\t\t\t<div class=\"elementor-widget-container\">\n\t\t\t\t\t<h2 class=\"elementor-heading-title elementor-size-default\">Ready for a great stay?<\/h2>\t\t\t\t<\/div>\n\t\t\t\t<\/div>\n\t\t\t\t\t<\/div>\n\t\t<\/div>\n\t\t\t\t<div class=\"elementor-column elementor-col-50 elementor-inner-column elementor-element elementor-element-411ab1aa\" data-id=\"411ab1aa\" data-element_type=\"column\" data-e-type=\"column\">\n\t\t\t<div class=\"elementor-widget-wrap elementor-element-populated\">\n\t\t\t\t\t\t<div class=\"elementor-element elementor-element-5e55fe6c elementor-align-center elementor-widget elementor-widget-button\" data-id=\"5e55fe6c\" data-element_type=\"widget\" data-e-type=\"widget\" data-widget_type=\"button.default\">\n\t\t\t\t<div class=\"elementor-widget-container\">\n\t\t\t\t\t\t\t\t\t<div class=\"elementor-button-wrapper\">\n\t\t\t\t\t<a class=\"elementor-button elementor-button-link elementor-size-lg elementor-animation-grow\" href=\"https:\/\/goodmarning.com\/en\/reservation\/\">\n\t\t\t\t\t\t<span class=\"elementor-button-content-wrapper\">\n\t\t\t\t\t\t\t\t\t<span class=\"elementor-button-text\">Book now<\/span>\n\t\t\t\t\t<\/span>\n\t\t\t\t\t<\/a>\n\t\t\t\t<\/div>\n\t\t\t\t\t\t\t\t<\/div>\n\t\t\t\t<\/div>\n\t\t\t\t\t<\/div>\n\t\t<\/div>\n\t\t\t\t\t<\/div>\n\t\t<\/section>\n\t\t\t\t\t<\/div>\n\t\t<\/div>\n\t\t\t\t\t<\/div>\n\t\t<\/section>\n\t\t\t\t<\/div>","protected":false},"excerpt":{"rendered":"<p>D\u00e9couvrez nos conditions g\u00e9n\u00e9rales.<\/p>","protected":false},"author":1,"featured_media":460,"parent":0,"menu_order":0,"comment_status":"closed","ping_status":"closed","template":"","meta":{"footnotes":""},"class_list":["post-106","page","type-page","status-publish","has-post-thumbnail","hentry"],"_links":{"self":[{"href":"https:\/\/goodmarning.com\/en\/wp-json\/wp\/v2\/pages\/106","targetHints":{"allow":["GET"]}}],"collection":[{"href":"https:\/\/goodmarning.com\/en\/wp-json\/wp\/v2\/pages"}],"about":[{"href":"https:\/\/goodmarning.com\/en\/wp-json\/wp\/v2\/types\/page"}],"author":[{"embeddable":true,"href":"https:\/\/goodmarning.com\/en\/wp-json\/wp\/v2\/users\/1"}],"replies":[{"embeddable":true,"href":"https:\/\/goodmarning.com\/en\/wp-json\/wp\/v2\/comments?post=106"}],"version-history":[{"count":37,"href":"https:\/\/goodmarning.com\/en\/wp-json\/wp\/v2\/pages\/106\/revisions"}],"predecessor-version":[{"id":1750,"href":"https:\/\/goodmarning.com\/en\/wp-json\/wp\/v2\/pages\/106\/revisions\/1750"}],"wp:featuredmedia":[{"embeddable":true,"href":"https:\/\/goodmarning.com\/en\/wp-json\/wp\/v2\/media\/460"}],"wp:attachment":[{"href":"https:\/\/goodmarning.com\/en\/wp-json\/wp\/v2\/media?parent=106"}],"curies":[{"name":"wp","href":"https:\/\/api.w.org\/{rel}","templated":true}]}}