{"id":109,"date":"2024-03-11T16:01:42","date_gmt":"2024-03-11T15:01:42","guid":{"rendered":"https:\/\/goodmarning.com\/index.php\/mentions-legales\/"},"modified":"2025-12-09T11:29:01","modified_gmt":"2025-12-09T10:29:01","slug":"mentions-legales","status":"publish","type":"page","link":"https:\/\/goodmarning.com\/en\/mentions-legales\/","title":{"rendered":"Legal notice"},"content":{"rendered":"<div data-elementor-type=\"wp-page\" data-elementor-id=\"109\" class=\"elementor elementor-109\" data-elementor-post-type=\"page\">\n\t\t\t\t\t\t<section class=\"elementor-section elementor-top-section elementor-element elementor-element-62c36e57 elementor-section-boxed elementor-section-height-default elementor-section-height-default\" data-id=\"62c36e57\" data-element_type=\"section\" data-e-type=\"section\" data-settings=\"{&quot;background_background&quot;:&quot;classic&quot;}\">\n\t\t\t\t\t\t\t<div class=\"elementor-background-overlay\"><\/div>\n\t\t\t\t\t\t\t<div class=\"elementor-container elementor-column-gap-default\">\n\t\t\t\t\t<div class=\"elementor-column elementor-col-100 elementor-top-column elementor-element elementor-element-10241793\" data-id=\"10241793\" data-element_type=\"column\" data-e-type=\"column\">\n\t\t\t<div class=\"elementor-widget-wrap elementor-element-populated\">\n\t\t\t\t\t\t<div class=\"elementor-element elementor-element-4e1f53f7 elementor-widget elementor-widget-heading\" data-id=\"4e1f53f7\" data-element_type=\"widget\" data-e-type=\"widget\" data-widget_type=\"heading.default\">\n\t\t\t\t<div class=\"elementor-widget-container\">\n\t\t\t\t\t<h1 class=\"elementor-heading-title elementor-size-default\">Legal notice<\/h1>\t\t\t\t<\/div>\n\t\t\t\t<\/div>\n\t\t\t\t\t<\/div>\n\t\t<\/div>\n\t\t\t\t\t<\/div>\n\t\t<\/section>\n\t\t\t\t<section class=\"elementor-section elementor-top-section elementor-element elementor-element-1d455fdd elementor-section-boxed elementor-section-height-default elementor-section-height-default\" data-id=\"1d455fdd\" data-element_type=\"section\" data-e-type=\"section\">\n\t\t\t\t\t\t<div class=\"elementor-container elementor-column-gap-default\">\n\t\t\t\t\t<div class=\"elementor-column elementor-col-100 elementor-top-column elementor-element elementor-element-3377409d\" data-id=\"3377409d\" data-element_type=\"column\" data-e-type=\"column\" data-settings=\"{&quot;background_background&quot;:&quot;classic&quot;}\">\n\t\t\t<div class=\"elementor-widget-wrap elementor-element-populated\">\n\t\t\t\t\t\t<div class=\"elementor-element elementor-element-74a66479 elementor-widget__width-initial elementor-widget elementor-widget-text-editor\" data-id=\"74a66479\" data-element_type=\"widget\" data-e-type=\"widget\" data-widget_type=\"text-editor.default\">\n\t\t\t\t<div class=\"elementor-widget-container\">\n\t\t\t\t\t\t\t\t\t<div data-id=\"3a4b3077\" data-element_type=\"widget\" data-widget_type=\"heading.default\">\n<div>\n<h2>Legal notice<\/h2>\n<\/div>\n<\/div>\n<div data-id=\"b5faf98\" data-element_type=\"widget\" data-widget_type=\"text-editor.default\">\n<p>In accordance with the provisions of Articles 6-III and 19 of Law no. 2004-575 of 21 June 2004 on confidence in the digital economy, known as the L.C.E.N., users and visitors to the site are hereby informed that <b>https:\/\/<\/b><span style=\"background-color: var( --e-global-color-e5dbce2 );\"><b>goodmarning<\/b><\/span><b>.com<\/b>&nbsp;the present legal notice.<\/p>\n<p>The website <b>https:\/\/<span style=\"background-color: var( --e-global-color-e5dbce2 );\">goodmarning<\/span>.com<\/b>&nbsp;can be accessed at the following address<\/p>\n<p><span style=\"background-color: var( --e-global-color-e5dbce2 );\"><b>https:\/\/goodmarning.com<\/b><\/span>&nbsp;(hereinafter \u2018the Site\u2019). Access to and use of the Site are subject to the present \u2018Legal Notice\u2019 detailed below, as well as to applicable laws and\/or regulations.<\/p>\n<p>Connection, use and access to this Site imply full and unreserved acceptance by the Internet user of all the provisions of this Legal Notice.<\/p>\n<p><strong>ARTICLE 1 - LEGAL INFORMATION<\/strong><\/p>\n<p>Pursuant to Article 6 of Law No. 2004-575 of 21 June 2004 on confidence in the digital economy, this article specifies the identity of the various parties involved in its implementation and monitoring.<\/p>\n<p>The website <b>https:\/\/<\/b><span style=\"background-color: var( --e-global-color-e5dbce2 );\"><b>goodmarning<\/b><\/span><b>.com<\/b>&nbsp;is published by :<\/p>\n<p><span style=\"font-size: 1rem;\"><b>MEDIAFANS<br><\/b><\/span><span style=\"font-size: 1rem;\">Site-web :&nbsp;<\/span><span style=\"font-size: 1rem; font-weight: bold;\"><a href=\"https:\/\/mediafans.fr\"><u>mediafans.fr<\/u><\/a><br><\/span><span style=\"font-size: 1rem;\">E-mail address :&nbsp;<\/span><span style=\"font-size: 1rem; background-color: var( --e-global-color-e5dbce2 );\"><b>contact@<\/b><\/span><span style=\"font-size: 1rem; background-color: var( --e-global-color-e5dbce2 );\"><b>mediafans.fr<\/b><\/span><\/p>\n<p>hereinafter \u2018the Publisher<\/p>\n<p>The Publication Director is :<\/p>\n<p><span style=\"color: var( --e-global-color-736ef8e ); background-color: var( --e-global-color-e5dbce2 ); font-size: 1rem;\"><b>M. Fabien Leclerc<\/b><\/span><\/p>\n<p><span style=\"color: var( --e-global-color-736ef8e ); font-weight: var( --e-global-typography-text-font-weight ); background-color: var( --e-global-color-e5dbce2 ); font-size: 1rem;\">Phone number\u00a0:&nbsp;<\/span><span style=\"color: var( --e-global-color-736ef8e ); font-size: 1rem; font-weight: bold; background-color: var( --e-global-color-e5dbce2 );\">+33695903143<\/span><\/p>\n<p>E-mail address :&nbsp;<span style=\"background-color: var( --e-global-color-e5dbce2 );\"><b>contact@<\/b><\/span><span style=\"background-color: var( --e-global-color-e5dbce2 );\"><b>goodmarning<\/b><\/span><span style=\"background-color: var( --e-global-color-e5dbce2 );\"><b>.com<\/b><\/span><\/p>\n<p><span style=\"font-size: 1rem; background-color: var( --e-global-color-e5dbce2 );\">SIREN :&nbsp;<\/span><b style=\"font-size: 1rem;\">835 038 902 00028<\/b><\/p>\n<p><span style=\"font-size: 1rem;\">hereinafter \u2018the Publication Director<\/span><b><br><\/b><\/p>\n<p>The website&nbsp;<span style=\"background-color: var( --e-global-color-e5dbce2 );\"><b>goodmarning<\/b><\/span><span style=\"font-weight: bold;\">.com<\/span>&nbsp;is hosted by :<\/p>\n<p>Hostinger International Ltd,<\/p>\n<p>dont le si\u00e8ge est situ\u00e9 au 61 Lordou Vironos str. 6023 Larnaca, Chypre.<\/p>\n<p><span style=\"font-size: 1rem;\">Adresse e-mail : gdpr@hostinger.com.<\/span><\/p>\n<p>hereinafter \"the Host\"<\/p>\n<p>All Internet users who browse, read, view and use the site are considered users.&nbsp;<span style=\"background-color: var( --e-global-color-e5dbce2 );\"><b>goodmarning<\/b><\/span><span style=\"font-weight: bold;\">.com<\/span>.<\/p>\n<p>hereinafter the \"Users\"<\/p>\n<p><strong>ARTICLE 2 - ACCESSIBILITY<\/strong><\/p>\n<p>In principle, the Site is accessible to users 24 hours a day, 7 days a week, unless it is interrupted, whether scheduled or not, for maintenance purposes or in the event of force majeure.<\/p>\n<p>Should access to the Site be impossible, the Site undertakes to do its utmost to restore access. The Site may not be held liable for any damage whatsoever resulting from its unavailability.<\/p>\n<p><strong>ARTICLE 3 - DATA COLLECTION AND DATA PROTECTION ACT<\/strong><\/p>\n<p>The website&nbsp;<span style=\"background-color: var( --e-global-color-e5dbce2 );\"><b>goodmarning<\/b><\/span><span style=\"font-weight: bold;\">.com<\/span>&nbsp;is exempt from declaration to the Commission Nationale Informatique et Libert\u00e9s (CNIL) insofar as it does not collect any data from Users.<\/p>\n<p><strong>ARTICLE 4 - COOKIES POLICY<\/strong><\/p>\n<p>The website&nbsp;<span style=\"background-color: var( --e-global-color-e5dbce2 );\"><b>goodmarning<\/b><\/span><span style=\"font-weight: bold;\">.com<\/span><b>&nbsp;<\/b>may use \u2018cookies\u2019 to process statistics and traffic information, facilitate browsing and improve the service for the User's convenience.<\/p>\n<p>In accordance with European legislation, the&nbsp;<span style=\"background-color: var( --e-global-color-e5dbce2 );\"><b>goodmarning<\/b><\/span><span style=\"font-weight: bold;\">.com<\/span>&nbsp;has updated its confidentiality policy with regard to cookies. Users are free to accept or refuse cookies from all websites by modifying the settings in their web browser.<\/p>\n<p><strong>ARTICLE 5 - APPLICABLE LAW AND JURISDICTION<\/strong><\/p>\n<p>This Legal Notice is governed by French law. In the event of a dispute and in the absence of an amicable agreement, the dispute will be brought before the French courts in accordance with the rules of jurisdiction in force.<\/p>\n<p><strong>ARTICLE 6 - CONTACT<\/strong><\/p>\n<p>To report illegal content or activities, Users may contact the Publisher at the following address: <b>contact@<\/b><span style=\"background-color: var( --e-global-color-e5dbce2 );\"><b>goodmarning<\/b><\/span><b>.com<\/b>or by registered mail with acknowledgement of receipt addressed to the Publisher at the address specified in this legal notice. The website&nbsp;<span style=\"background-color: var( --e-global-color-e5dbce2 );\"><b>goodmarning<\/b><\/span><span style=\"font-weight: bold;\">.com<\/span>&nbsp;hope you enjoy your visit!<\/p>\n<\/div>\t\t\t\t\t\t\t\t<\/div>\n\t\t\t\t<\/div>\n\t\t\t\t\t<\/div>\n\t\t<\/div>\n\t\t\t\t\t<\/div>\n\t\t<\/section>\n\t\t\t\t<section class=\"elementor-section elementor-top-section elementor-element elementor-element-2b533eb5 elementor-section-boxed elementor-section-height-default elementor-section-height-default\" data-id=\"2b533eb5\" data-element_type=\"section\" data-e-type=\"section\">\n\t\t\t\t\t\t<div class=\"elementor-container elementor-column-gap-default\">\n\t\t\t\t\t<div class=\"elementor-column elementor-col-100 elementor-top-column elementor-element elementor-element-5b71b8fc\" data-id=\"5b71b8fc\" data-element_type=\"column\" data-e-type=\"column\" data-settings=\"{&quot;background_background&quot;:&quot;classic&quot;}\">\n\t\t\t<div class=\"elementor-widget-wrap elementor-element-populated\">\n\t\t\t\t\t\t<section class=\"elementor-section elementor-inner-section elementor-element elementor-element-2bc13f7e elementor-section-boxed elementor-section-height-default elementor-section-height-default\" data-id=\"2bc13f7e\" data-element_type=\"section\" data-e-type=\"section\">\n\t\t\t\t\t\t<div class=\"elementor-container elementor-column-gap-default\">\n\t\t\t\t\t<div class=\"elementor-column elementor-col-50 elementor-inner-column elementor-element elementor-element-e3ea49e\" data-id=\"e3ea49e\" data-element_type=\"column\" data-e-type=\"column\">\n\t\t\t<div class=\"elementor-widget-wrap elementor-element-populated\">\n\t\t\t\t\t\t<div class=\"elementor-element elementor-element-60e13374 elementor-widget elementor-widget-heading\" data-id=\"60e13374\" data-element_type=\"widget\" data-e-type=\"widget\" data-widget_type=\"heading.default\">\n\t\t\t\t<div class=\"elementor-widget-container\">\n\t\t\t\t\t<h2 class=\"elementor-heading-title elementor-size-default\">Ready for a great stay?<\/h2>\t\t\t\t<\/div>\n\t\t\t\t<\/div>\n\t\t\t\t\t<\/div>\n\t\t<\/div>\n\t\t\t\t<div class=\"elementor-column elementor-col-50 elementor-inner-column elementor-element elementor-element-7852cef8\" data-id=\"7852cef8\" data-element_type=\"column\" data-e-type=\"column\">\n\t\t\t<div class=\"elementor-widget-wrap elementor-element-populated\">\n\t\t\t\t\t\t<div class=\"elementor-element elementor-element-109707de elementor-align-center elementor-widget elementor-widget-button\" data-id=\"109707de\" data-element_type=\"widget\" data-e-type=\"widget\" data-widget_type=\"button.default\">\n\t\t\t\t<div class=\"elementor-widget-container\">\n\t\t\t\t\t\t\t\t\t<div class=\"elementor-button-wrapper\">\n\t\t\t\t\t<a class=\"elementor-button elementor-button-link elementor-size-lg elementor-animation-grow\" href=\"https:\/\/goodmarning.com\/en\/reservation\/\">\n\t\t\t\t\t\t<span class=\"elementor-button-content-wrapper\">\n\t\t\t\t\t\t\t\t\t<span class=\"elementor-button-text\">Book now<\/span>\n\t\t\t\t\t<\/span>\n\t\t\t\t\t<\/a>\n\t\t\t\t<\/div>\n\t\t\t\t\t\t\t\t<\/div>\n\t\t\t\t<\/div>\n\t\t\t\t\t<\/div>\n\t\t<\/div>\n\t\t\t\t\t<\/div>\n\t\t<\/section>\n\t\t\t\t\t<\/div>\n\t\t<\/div>\n\t\t\t\t\t<\/div>\n\t\t<\/section>\n\t\t\t\t<\/div>","protected":false},"excerpt":{"rendered":"<p>Acc\u00e9dez \u00e0 nos mentions l\u00e9gales.<\/p>","protected":false},"author":1,"featured_media":460,"parent":0,"menu_order":0,"comment_status":"closed","ping_status":"closed","template":"","meta":{"footnotes":""},"class_list":["post-109","page","type-page","status-publish","has-post-thumbnail","hentry"],"_links":{"self":[{"href":"https:\/\/goodmarning.com\/en\/wp-json\/wp\/v2\/pages\/109","targetHints":{"allow":["GET"]}}],"collection":[{"href":"https:\/\/goodmarning.com\/en\/wp-json\/wp\/v2\/pages"}],"about":[{"href":"https:\/\/goodmarning.com\/en\/wp-json\/wp\/v2\/types\/page"}],"author":[{"embeddable":true,"href":"https:\/\/goodmarning.com\/en\/wp-json\/wp\/v2\/users\/1"}],"replies":[{"embeddable":true,"href":"https:\/\/goodmarning.com\/en\/wp-json\/wp\/v2\/comments?post=109"}],"version-history":[{"count":43,"href":"https:\/\/goodmarning.com\/en\/wp-json\/wp\/v2\/pages\/109\/revisions"}],"predecessor-version":[{"id":1746,"href":"https:\/\/goodmarning.com\/en\/wp-json\/wp\/v2\/pages\/109\/revisions\/1746"}],"wp:featuredmedia":[{"embeddable":true,"href":"https:\/\/goodmarning.com\/en\/wp-json\/wp\/v2\/media\/460"}],"wp:attachment":[{"href":"https:\/\/goodmarning.com\/en\/wp-json\/wp\/v2\/media?parent=109"}],"curies":[{"name":"wp","href":"https:\/\/api.w.org\/{rel}","templated":true}]}}